{"id":538,"date":"2026-04-24T09:54:23","date_gmt":"2026-04-24T15:54:23","guid":{"rendered":"https:\/\/innovaindustrias.com\/?page_id=538"},"modified":"2026-04-24T13:33:44","modified_gmt":"2026-04-24T19:33:44","slug":"mama-tu-regalo-es-vueno","status":"publish","type":"page","link":"https:\/\/innovaindustrias.com\/?page_id=538","title":{"rendered":"Mam\u00e1 tu regalo es Vueno"},"content":{"rendered":"<div data-colibri-id=\"538-c1\" class=\"style-257 style-local-538-c1 position-relative\">\n  <!---->\n  <div data-colibri-component=\"section\" data-colibri-id=\"538-c20\" id=\"blank\" class=\"h-section h-section-global-spacing d-flex align-items-lg-center align-items-md-center align-items-center style-334 style-local-538-c20 position-relative\">\n    <!---->\n    <!---->\n    <div class=\"h-separator\" style=\"height: 46px; bottom: calc(0px);\">\n      <svg style=\"fill:rgb(101, 36, 129);transform:rotateX(180deg);\" xmlns=\"http:\/\/www.w3.org\/2000\/svg\" viewBox=\"0 0 1000 100\" preserveAspectRatio=\"none\">\n        <g opacity=\"0.33\">\n          <path d=\"M385.42,52.92c-11.63,4.22-23.18,9-34.52,14.38-103.18,49-91.83-33.55-148.36-.49,50.13,17.35,121.87,64.84,270.46.49,11-4.7,64.52-25.43,118-41.8-4-.52-8.45-.95-13.41-1.28C507.83,41.64,455.4,71.84,385.42,52.92Z\" transform=\"translate(0 0)\" style=\"isolation:isolate\"><\/path>\n          <path d=\"M0,59.7S48.08,103,116.06,83.43C54.25,76.6,0,39.8,0,39.8Z\" transform=\"translate(0 0)\" style=\"isolation:isolate\"><\/path>\n          <path d=\"M916.4,48.1c-55.76,5.45-76.83,2-111.28-7.81-3.09,1.4-6.07,2.81-9,4.22,13.93,8.57,25.54,16.74,33.15,22.39,13,9.8,43,25.4,75.8,22.1S1000,59.7,1000,59.7V36.5s-6.87-4.5-21.48-9.06C966,36.56,946.56,45.15,916.4,48.1Z\" transform=\"translate(0 0)\" style=\"isolation:isolate\"><\/path>\n        <\/g>\n        <g opacity=\"0.66\">\n          <path d=\"M771.65,30.49,766.1,28.9c-55-15.81-99.84-18-138.66-13.76a368.79,368.79,0,0,0-49.81,9.08c5,.33,9.44.76,13.41,1.28a89.13,89.13,0,0,1,13.86,2.7C656.8,44.1,688.5,67.3,734,67.3c19.82,0,38-11.12,62.15-22.79,2.9-1.41,5.88-2.82,9-4.22C795.39,37.52,784.59,34.23,771.65,30.49Z\"\n            transform=\"translate(0 0)\"><\/path>\n          <path d=\"M371,48.4C242,1.8,242,5.4,184.8,20.6,128,35.8,132.3,44.9,89.9,52.5,28.6,63.7,0,0,0,0V39.8S54.25,76.6,116.06,83.43c28.46,3.15,58.53-.05,85.64-16.13l.84-.49c56.53-33.06,45.18,49.44,148.36.49,11.34-5.38,22.89-10.16,34.52-14.38Q378.34,51,371,48.4Z\"\n            transform=\"translate(0 0)\"><\/path>\n          <path d=\"M978.52,27.44C993.13,32,1000,36.5,1000,36.5V0S996.54,14.27,978.52,27.44Z\" transform=\"translate(0 0)\"><\/path>\n        <\/g>\n        <path d=\"M0,0S28.6,63.7,89.9,52.5c42.4-7.6,38.1-16.7,94.9-31.9C242,5.4,242,1.8,371,48.4q7.33,2.61,14.42,4.52c70,18.92,122.41-11.28,192.21-28.7a368.79,368.79,0,0,1,49.81-9.08c38.82-4.21,83.68-2.05,138.66,13.76l5.55,1.59c12.94,3.74,23.74,7,33.47,9.8,34.45,9.83,55.52,13.26,111.28,7.81,30.16-3,49.63-11.54,62.12-20.66C996.54,14.27,1000,0,1000,0Z\"\n          transform=\"translate(0 0)\"><\/path>\n      <\/svg>\n    <\/div>\n    <div class=\"h-section-grid-container h-section-fluid-container\">\n      <!---->\n      <div data-colibri-id=\"538-c21\" class=\"h-row-container gutters-row-lg-2 gutters-row-md-2 gutters-row-0 gutters-row-v-lg-2 gutters-row-v-md-2 gutters-row-v-2 style-335 style-local-538-c21 position-relative\">\n        <!---->\n        <div class=\"h-row justify-content-lg-center justify-content-md-center justify-content-center align-items-lg-stretch align-items-md-stretch align-items-stretch gutters-col-lg-2 gutters-col-md-2 gutters-col-0 gutters-col-v-lg-2 gutters-col-v-md-2 gutters-col-v-2\">\n          <!---->\n          <div class=\"h-column h-column-container d-flex h-col-lg-auto h-col-md-auto h-col-auto style-336-outer style-local-538-c22-outer\">\n            <div data-colibri-id=\"538-c22\" class=\"d-flex h-flex-basis h-column__inner h-ui-empty-state-container h-px-lg-2 h-px-md-2 h-px-2 v-inner-lg-2 v-inner-md-2 v-inner-2 style-336 style-local-538-c22 position-relative\">\n              <!---->\n              <!---->\n              <div class=\"w-100 h-y-container h-column__content h-column__v-align flex-basis-100\">\n                <!---->\n              <\/div>\n            <\/div>\n          <\/div>\n          <div class=\"h-column h-column-container d-flex h-col-lg-auto h-col-md-auto h-col-auto style-337-outer style-local-538-c23-outer\">\n            <div data-colibri-id=\"538-c23\" class=\"d-flex h-flex-basis h-column__inner h-ui-empty-state-container h-px-lg-2 h-px-md-2 h-px-2 v-inner-lg-2 v-inner-md-2 v-inner-2 style-337 style-local-538-c23 position-relative\">\n              <!---->\n              <!---->\n              <div class=\"w-100 h-y-container h-column__content h-column__v-align flex-basis-100\">\n                <!---->\n              <\/div>\n            <\/div>\n          <\/div>\n        <\/div>\n      <\/div>\n    <\/div>\n  <\/div>\n  <div data-colibri-component=\"section\" data-colibri-id=\"538-c2\" id=\"initial-content\" class=\"h-section h-section-global-spacing d-flex align-items-lg-center align-items-md-center align-items-center style-258 style-local-538-c2 position-relative\">\n    <!---->\n    <div class=\"h-separator\" style=\"height: 41px; top: calc(0px);\">\n      <svg style=\"fill:rgb(100, 37, 120);\" xmlns=\"http:\/\/www.w3.org\/2000\/svg\" viewBox=\"0 0 1000 100\" preserveAspectRatio=\"none\">\n        <g opacity=\"0.33\">\n          <path d=\"M385.42,52.92c-11.63,4.22-23.18,9-34.52,14.38-103.18,49-91.83-33.55-148.36-.49,50.13,17.35,121.87,64.84,270.46.49,11-4.7,64.52-25.43,118-41.8-4-.52-8.45-.95-13.41-1.28C507.83,41.64,455.4,71.84,385.42,52.92Z\" transform=\"translate(0 0)\" style=\"isolation:isolate\"><\/path>\n          <path d=\"M0,59.7S48.08,103,116.06,83.43C54.25,76.6,0,39.8,0,39.8Z\" transform=\"translate(0 0)\" style=\"isolation:isolate\"><\/path>\n          <path d=\"M916.4,48.1c-55.76,5.45-76.83,2-111.28-7.81-3.09,1.4-6.07,2.81-9,4.22,13.93,8.57,25.54,16.74,33.15,22.39,13,9.8,43,25.4,75.8,22.1S1000,59.7,1000,59.7V36.5s-6.87-4.5-21.48-9.06C966,36.56,946.56,45.15,916.4,48.1Z\" transform=\"translate(0 0)\" style=\"isolation:isolate\"><\/path>\n        <\/g>\n        <g opacity=\"0.66\">\n          <path d=\"M771.65,30.49,766.1,28.9c-55-15.81-99.84-18-138.66-13.76a368.79,368.79,0,0,0-49.81,9.08c5,.33,9.44.76,13.41,1.28a89.13,89.13,0,0,1,13.86,2.7C656.8,44.1,688.5,67.3,734,67.3c19.82,0,38-11.12,62.15-22.79,2.9-1.41,5.88-2.82,9-4.22C795.39,37.52,784.59,34.23,771.65,30.49Z\"\n            transform=\"translate(0 0)\"><\/path>\n          <path d=\"M371,48.4C242,1.8,242,5.4,184.8,20.6,128,35.8,132.3,44.9,89.9,52.5,28.6,63.7,0,0,0,0V39.8S54.25,76.6,116.06,83.43c28.46,3.15,58.53-.05,85.64-16.13l.84-.49c56.53-33.06,45.18,49.44,148.36.49,11.34-5.38,22.89-10.16,34.52-14.38Q378.34,51,371,48.4Z\"\n            transform=\"translate(0 0)\"><\/path>\n          <path d=\"M978.52,27.44C993.13,32,1000,36.5,1000,36.5V0S996.54,14.27,978.52,27.44Z\" transform=\"translate(0 0)\"><\/path>\n        <\/g>\n        <path d=\"M0,0S28.6,63.7,89.9,52.5c42.4-7.6,38.1-16.7,94.9-31.9C242,5.4,242,1.8,371,48.4q7.33,2.61,14.42,4.52c70,18.92,122.41-11.28,192.21-28.7a368.79,368.79,0,0,1,49.81-9.08c38.82-4.21,83.68-2.05,138.66,13.76l5.55,1.59c12.94,3.74,23.74,7,33.47,9.8,34.45,9.83,55.52,13.26,111.28,7.81,30.16-3,49.63-11.54,62.12-20.66C996.54,14.27,1000,0,1000,0Z\"\n          transform=\"translate(0 0)\"><\/path>\n      <\/svg>\n    <\/div>\n    <div class=\"h-section-grid-container h-section-boxed-container\">\n      <!---->\n      <div data-colibri-id=\"538-c3\" class=\"h-row-container gutters-row-lg-2 gutters-row-md-2 gutters-row-0 gutters-row-v-lg-2 gutters-row-v-md-2 gutters-row-v-2 style-270 style-local-538-c3 position-relative\">\n        <!---->\n        <div class=\"h-row justify-content-lg-center justify-content-md-center justify-content-center align-items-lg-stretch align-items-md-stretch align-items-stretch gutters-col-lg-2 gutters-col-md-2 gutters-col-0 gutters-col-v-lg-2 gutters-col-v-md-2 gutters-col-v-2\">\n          <!---->\n          <div class=\"h-column h-column-container d-flex h-col-lg-auto h-col-md-auto h-col-auto style-271-outer style-local-538-c4-outer\">\n            <div data-colibri-id=\"538-c4\" class=\"d-flex h-flex-basis h-column__inner h-px-lg-2 h-px-md-2 h-px-2 v-inner-lg-2 v-inner-md-2 v-inner-2 style-271 style-local-538-c4 position-relative\">\n              <!---->\n              <!---->\n              <div class=\"w-100 h-y-container h-column__content h-column__v-align flex-basis-100 align-self-lg-start align-self-md-start align-self-start\">\n                <!---->\n                <div data-colibri-id=\"538-c5\" class=\"h-global-transition-all h-heading style-269 style-local-538-c5 position-relative h-element\">\n                  <!---->\n                  <div class=\"h-heading__outer style-269 style-local-538-c5\">\n                    <!---->\n                    <!---->\n                    <h2 class=\"\">Reglamento Interno de Promoci\u00f3n<\/h2>\n                  <\/div>\n                <\/div>\n                <div data-colibri-id=\"538-c6\" class=\"h-text h-text-component style-284 style-local-538-c6 position-relative h-element\">\n                  <!---->\n                  <!---->\n                  <div class=\"\">\n                    <p>REGLAMENTO INTERNO DE PROMOCI\u00d3N<\/p>\n                    <p>\u201cMAM\u00c1 tu Regalo es Vueno\u201d<\/p>\n                    <p>1. OBJETIVO DE LA PROMOCI\u00d3N<\/p>\n                    <p>Incentivar la compra de papel higi\u00e9nico Vueno mediante una din\u00e1mica promocional que premia a los consumidores con dinero en efectivo oculto dentro de los rollos del producto.<\/p>\n                    <p>2. VIGENCIA<\/p>\n                    <p>La promoci\u00f3n ser\u00e1 v\u00e1lida durante el per\u00edodo definido por la empresa, o hasta agotar existencias de productos promocionales distribuidos en el mercado.<\/p>\n                    <p>3. COBERTURA<\/p>\n                    <p>Aplica en los puntos de venta autorizados a nivel nacional, seg\u00fan planificaci\u00f3n del equipo de ventas.<\/p>\n                    <p>4. MEC\u00c1NICA DE LA PROMOCI\u00d3N<\/p>\n                    <p>4.1. Dentro de algunos rollos de papel higi\u00e9nico Vueno incluidos en bultos promocionales, el consumidor podr\u00e1 encontrar dinero en efectivo.<\/p>\n                    <p>4.2. Cada rollo premiado contendr\u00e1 un (1) billete, con denominaciones que van desde:<\/p>\n                    <ul>\n                      <li>C$20&nbsp;<\/li>\n                      <li>C$50&nbsp;<\/li>\n                      <li>C$100&nbsp;<\/li>\n                      <li>C$200&nbsp;<\/li>\n                      <li>C$500&nbsp;<\/li>\n                    <\/ul>\n                    <p>4.3. Cada bulto participante podr\u00e1 contener rollos premiados, seg\u00fan la distribuci\u00f3n previamente definida.<\/p>\n                    <p>4.4. El consumidor gana autom\u00e1ticamente al encontrar el dinero dentro del rollo, sin necesidad de registro o validaci\u00f3n adicional.<\/p>\n                    <p>5. DISTRIBUCI\u00d3N DE PRODUCTOS PREMIADOS<\/p>\n                    <p>5.1. Los bultos promocionales ser\u00e1n distribuidos estrat\u00e9gicamente en conjunto con el equipo de ventas.<\/p>\n                    <p>5.2. La asignaci\u00f3n de productos premiados ser\u00e1 previamente definida por la empresa, garantizando una distribuci\u00f3n controlada y equitativa.<\/p>\n                    <p>5.3. No todos los bultos contienen premios.<\/p>\n                    <p>6. CONDICIONES GENERALES<\/p>\n                    <ul>\n                      <li>El premio es dinero en efectivo, entregado directamente dentro del producto.&nbsp;<\/li>\n                      <li>No aplica cambio, reposici\u00f3n ni reclamo adicional por el premio encontrado.&nbsp;<\/li>\n                      <li>La empresa no se hace responsable por la manipulaci\u00f3n indebida del producto posterior a su compra.&nbsp;<\/li>\n                      <li>Promoci\u00f3n v\u00e1lida \u00fanicamente para consumidores finales.&nbsp;<\/li>\n                      <li>El dinero incluido no altera el precio de venta del producto.&nbsp;<\/li>\n                    <\/ul>\n                    <p>7. RESTRICCIONES<\/p>\n                    <ul>\n                      <li>Queda prohibida la apertura o manipulaci\u00f3n de los productos dentro del punto de venta.&nbsp;<\/li>\n                      <li>No participan empleados de la empresa, distribuidores ni personal vinculado directamente con la promoci\u00f3n.&nbsp;<\/li>\n                      <li>No aplica acumulaci\u00f3n de premios fuera de los encontrados dentro del producto.&nbsp;<\/li>\n                    <\/ul>\n                    <p>8. ACEPTACI\u00d3N DEL REGLAMENTO<\/p>\n                    <p>La compra del producto participante implica la aceptaci\u00f3n total de este reglamento por parte del consumidor.<\/p>\n                    <p>9. ORGANIZADOR<\/p>\n                    <p>Promoci\u00f3n organizada por la marca Vueno, bajo la coordinaci\u00f3n de su equipo comercial y de mercadeo.<\/p>\n                  <\/div>\n                <\/div>\n                <div data-colibri-id=\"538-c7\" class=\"h-x-container style-289 style-local-538-c7 position-relative h-element\">\n                  <!---->\n                  <div class=\"h-x-container-inner style-dynamic-538-c7-group style-289-spacing style-local-538-c7-spacing\"><span class=\"h-button__outer style-290-outer style-local-538-c8-outer d-inline-flex h-element\"><a h-use-smooth-scroll=\"true\" href=\"https:\/\/innovaindustrias.com\/wp-content\/uploads\/2026\/04\/REGLAMENTO-INTERNO-PDF-1.pdf\" target=\"_blank\" rel=\"nofollow\"  data-colibri-id=\"538-c8\" class=\"d-flex w-100 align-items-center h-button justify-content-lg-center justify-content-md-center justify-content-center style-290 style-local-538-c8 position-relative\"><!----><!----> <span>Descargar Reglamento <\/span><\/a>\n                    <\/span>\n                  <\/div>\n                <\/div>\n              <\/div>\n            <\/div>\n          <\/div>\n        <\/div>\n      <\/div>\n    <\/div>\n  <\/div>\n<\/div>","protected":false},"excerpt":{"rendered":"<p>Reglamento Interno de Promoci\u00f3n REGLAMENTO INTERNO DE PROMOCI\u00d3N \u201cMAM\u00c1 tu Regalo es Vueno\u201d [&hellip;]<\/p>\n","protected":false},"author":1,"featured_media":0,"parent":0,"menu_order":0,"comment_status":"closed","ping_status":"closed","template":"page-templates\/full-width-page.php","meta":{"footnotes":""},"class_list":["post-538","page","type-page","status-publish","hentry"],"_links":{"self":[{"href":"https:\/\/innovaindustrias.com\/index.php?rest_route=\/wp\/v2\/pages\/538","targetHints":{"allow":["GET"]}}],"collection":[{"href":"https:\/\/innovaindustrias.com\/index.php?rest_route=\/wp\/v2\/pages"}],"about":[{"href":"https:\/\/innovaindustrias.com\/index.php?rest_route=\/wp\/v2\/types\/page"}],"author":[{"embeddable":true,"href":"https:\/\/innovaindustrias.com\/index.php?rest_route=\/wp\/v2\/users\/1"}],"replies":[{"embeddable":true,"href":"https:\/\/innovaindustrias.com\/index.php?rest_route=%2Fwp%2Fv2%2Fcomments&post=538"}],"version-history":[{"count":21,"href":"https:\/\/innovaindustrias.com\/index.php?rest_route=\/wp\/v2\/pages\/538\/revisions"}],"predecessor-version":[{"id":862,"href":"https:\/\/innovaindustrias.com\/index.php?rest_route=\/wp\/v2\/pages\/538\/revisions\/862"}],"wp:attachment":[{"href":"https:\/\/innovaindustrias.com\/index.php?rest_route=%2Fwp%2Fv2%2Fmedia&parent=538"}],"curies":[{"name":"wp","href":"https:\/\/api.w.org\/{rel}","templated":true}]}}