{"id":996,"date":"2026-04-24T15:03:41","date_gmt":"2026-04-24T21:03:41","guid":{"rendered":"https:\/\/innovaindustrias.com\/?page_id=996"},"modified":"2026-04-24T15:12:05","modified_gmt":"2026-04-24T21:12:05","slug":"mision-y-vision","status":"publish","type":"page","link":"https:\/\/innovaindustrias.com\/?page_id=996","title":{"rendered":"Misi\u00f3n y Visi\u00f3n"},"content":{"rendered":"<div data-colibri-id=\"996-c1\" class=\"style-403 style-local-996-c1 position-relative\">\n  <!---->\n  <div data-colibri-component=\"section\" data-colibri-id=\"996-c2\" id=\"custom\" class=\"h-section h-section-global-spacing d-flex align-items-lg-center align-items-md-center align-items-center style-404 style-local-996-c2 position-relative\">\n    <!---->\n    <!---->\n    <div class=\"h-separator\" style=\"height: 100px; bottom: calc(0px);\">\n      <svg style=\"fill:rgb(229, 109, 11);\" xmlns=\"http:\/\/www.w3.org\/2000\/svg\" viewBox=\"0 0 1000 100\" preserveAspectRatio=\"none\">\n        <path class=\"svg-white-bg\" d=\"M737.9,94.7L0,0v100h1000V0L737.9,94.7z\"><\/path>\n      <\/svg>\n    <\/div>\n    <div class=\"h-section-grid-container h-section-boxed-container\">\n      <!---->\n      <div data-colibri-id=\"996-c3\" class=\"h-row-container gutters-row-lg-2 gutters-row-md-2 gutters-row-0 gutters-row-v-lg-2 gutters-row-v-md-2 gutters-row-v-2 style-405 style-local-996-c3 position-relative\">\n        <!---->\n        <div class=\"h-row justify-content-lg-center justify-content-md-center justify-content-center align-items-lg-stretch align-items-md-stretch align-items-stretch gutters-col-lg-2 gutters-col-md-2 gutters-col-0 gutters-col-v-lg-2 gutters-col-v-md-2 gutters-col-v-2\">\n          <!---->\n          <div class=\"h-column h-column-container d-flex h-col-lg-auto h-col-md-auto h-col-auto style-406-outer style-local-996-c4-outer\">\n            <div data-colibri-id=\"996-c4\" class=\"d-flex h-flex-basis h-column__inner h-px-lg-2 h-px-md-2 h-px-2 v-inner-lg-2 v-inner-md-2 v-inner-2 style-406 style-local-996-c4 position-relative\">\n              <!---->\n              <!---->\n              <div class=\"w-100 h-y-container h-column__content h-column__v-align flex-basis-100 align-self-lg-start align-self-md-start align-self-start\">\n                <!---->\n                <div data-colibri-id=\"996-c6\" class=\"h-global-transition-all h-heading style-408 style-local-996-c6 position-relative h-element\">\n                  <!---->\n                  <div class=\"h-heading__outer style-408 style-local-996-c6\">\n                    <!---->\n                    <!---->\n                    <h2 class=\"\">Nuestra Misi\u00f3n<\/h2>\n                  <\/div>\n                <\/div>\n              <\/div>\n            <\/div>\n          <\/div>\n          <div class=\"h-column h-column-container d-flex h-col-lg-auto h-col-md-auto h-col-auto style-407-outer style-local-996-c5-outer\">\n            <div data-colibri-id=\"996-c5\" class=\"d-flex h-flex-basis h-column__inner h-px-lg-2 h-px-md-2 h-px-2 v-inner-lg-2 v-inner-md-2 v-inner-2 style-407 style-local-996-c5 position-relative\">\n              <!---->\n              <!---->\n              <div class=\"w-100 h-y-container h-column__content h-column__v-align flex-basis-100 align-self-lg-start align-self-md-start align-self-start\">\n                <!---->\n                <div data-colibri-id=\"996-c7\" class=\"h-text h-text-component style-409 style-local-996-c7 position-relative h-element\">\n                  <!---->\n                  <!---->\n                  <div class=\"\">\n                    <p>Fabricamos y proveemos papel higi\u00e9nico y productos de papel de alta calidad, bajo normas internacionales, para consumidores nacionales e internacionales. Lo hacemos de manera sostenible y responsable, contribuyendo al desarrollo econ\u00f3mico\n                      y social del pa\u00eds.<\/p>\n                  <\/div>\n                <\/div>\n              <\/div>\n            <\/div>\n          <\/div>\n        <\/div>\n      <\/div>\n    <\/div>\n  <\/div>\n  <div data-colibri-component=\"section\" data-colibri-id=\"996-c8\" id=\"custom-2\" class=\"h-section h-section-global-spacing d-flex align-items-lg-center align-items-md-center align-items-center style-410 style-local-996-c8 position-relative\">\n    <!---->\n    <div class=\"h-separator\" style=\"height: 100px; top: calc(0px);\">\n      <svg style=\"fill:rgb(229, 109, 11);transform:rotateX(180deg);\" xmlns=\"http:\/\/www.w3.org\/2000\/svg\" viewBox=\"0 0 1000 100\" preserveAspectRatio=\"none\">\n        <path class=\"svg-white-bg\" d=\"M737.9,94.7L0,0v100h1000V0L737.9,94.7z\"><\/path>\n      <\/svg>\n    <\/div>\n    <div class=\"h-section-grid-container h-section-boxed-container\">\n      <!---->\n      <div data-colibri-id=\"996-c9\" class=\"h-row-container gutters-row-lg-2 gutters-row-md-2 gutters-row-0 gutters-row-v-lg-2 gutters-row-v-md-2 gutters-row-v-2 style-411 style-local-996-c9 position-relative\">\n        <!---->\n        <div class=\"h-row justify-content-lg-center justify-content-md-center justify-content-center align-items-lg-stretch align-items-md-stretch align-items-stretch gutters-col-lg-2 gutters-col-md-2 gutters-col-0 gutters-col-v-lg-2 gutters-col-v-md-2 gutters-col-v-2\">\n          <!---->\n          <div class=\"h-column h-column-container d-flex h-col-lg-auto h-col-md-auto h-col-auto style-412-outer style-local-996-c10-outer\">\n            <div data-colibri-id=\"996-c10\" class=\"d-flex h-flex-basis h-column__inner h-px-lg-2 h-px-md-2 h-px-2 v-inner-lg-2 v-inner-md-2 v-inner-2 style-412 style-local-996-c10 position-relative\">\n              <!---->\n              <!---->\n              <div class=\"w-100 h-y-container h-column__content h-column__v-align flex-basis-100 align-self-lg-start align-self-md-start align-self-start\">\n                <!---->\n                <div data-colibri-id=\"996-c13\" class=\"h-text h-text-component style-415 style-local-996-c13 position-relative h-element\">\n                  <!---->\n                  <!---->\n                  <div class=\"\">\n                    <p>Innova Industrias S.A. trabaja con compromiso para alcanzar el liderazgo regional en la producci\u00f3n de papel, aportando al desarrollo nacional mediante la generaci\u00f3n de empleo digno y la mejora en la calidad de vida de la poblaci\u00f3n.\n                      Adem\u00e1s, garantiza la conservaci\u00f3n de los recursos naturales al utilizar principalmente desechos de papel como materia prima y aplicar procesos de reciclaje de agua.<\/p>\n                  <\/div>\n                <\/div>\n              <\/div>\n            <\/div>\n          <\/div>\n          <div class=\"h-column h-column-container d-flex h-col-lg-auto h-col-md-auto h-col-auto style-413-outer style-local-996-c11-outer\">\n            <div data-colibri-id=\"996-c11\" class=\"d-flex h-flex-basis h-column__inner h-px-lg-2 h-px-md-2 h-px-2 v-inner-lg-2 v-inner-md-2 v-inner-2 style-413 style-local-996-c11 position-relative\">\n              <!---->\n              <!---->\n              <div class=\"w-100 h-y-container h-column__content h-column__v-align flex-basis-100 align-self-lg-start align-self-md-start align-self-start\">\n                <!---->\n                <div data-colibri-id=\"996-c12\" class=\"h-global-transition-all h-heading style-414 style-local-996-c12 position-relative h-element\">\n                  <!---->\n                  <div class=\"h-heading__outer style-414 style-local-996-c12\">\n                    <!---->\n                    <!---->\n                    <h2 class=\"\">Nuestra Visi\u00f3n<\/h2>\n                  <\/div>\n                <\/div>\n              <\/div>\n            <\/div>\n          <\/div>\n        <\/div>\n      <\/div>\n    <\/div>\n  <\/div>\n<\/div>","protected":false},"excerpt":{"rendered":"<p>Nuestra Misi\u00f3n Fabricamos y proveemos papel higi\u00e9nico y productos de papel de alta [&hellip;]<\/p>\n","protected":false},"author":1,"featured_media":0,"parent":0,"menu_order":0,"comment_status":"closed","ping_status":"closed","template":"page-templates\/full-width-page.php","meta":{"footnotes":""},"class_list":["post-996","page","type-page","status-publish","hentry"],"_links":{"self":[{"href":"https:\/\/innovaindustrias.com\/index.php?rest_route=\/wp\/v2\/pages\/996","targetHints":{"allow":["GET"]}}],"collection":[{"href":"https:\/\/innovaindustrias.com\/index.php?rest_route=\/wp\/v2\/pages"}],"about":[{"href":"https:\/\/innovaindustrias.com\/index.php?rest_route=\/wp\/v2\/types\/page"}],"author":[{"embeddable":true,"href":"https:\/\/innovaindustrias.com\/index.php?rest_route=\/wp\/v2\/users\/1"}],"replies":[{"embeddable":true,"href":"https:\/\/innovaindustrias.com\/index.php?rest_route=%2Fwp%2Fv2%2Fcomments&post=996"}],"version-history":[{"count":1,"href":"https:\/\/innovaindustrias.com\/index.php?rest_route=\/wp\/v2\/pages\/996\/revisions"}],"predecessor-version":[{"id":999,"href":"https:\/\/innovaindustrias.com\/index.php?rest_route=\/wp\/v2\/pages\/996\/revisions\/999"}],"wp:attachment":[{"href":"https:\/\/innovaindustrias.com\/index.php?rest_route=%2Fwp%2Fv2%2Fmedia&parent=996"}],"curies":[{"name":"wp","href":"https:\/\/api.w.org\/{rel}","templated":true}]}}